{"id":1313,"date":"2022-07-04T16:09:57","date_gmt":"2022-07-04T14:09:57","guid":{"rendered":"https:\/\/www.sam-serrurier.com\/contact\/"},"modified":"2026-01-22T14:57:53","modified_gmt":"2026-01-22T13:57:53","slug":"contact","status":"publish","type":"page","link":"https:\/\/www.sam-serrurier.com\/en\/contact\/","title":{"rendered":"Contact"},"content":{"rendered":"<p>[et_pb_section fb_built=&#8221;1&#8243; _builder_version=&#8221;4.7.7&#8243; _module_preset=&#8221;default&#8221; background_image=&#8221;https:\/\/www.sam-serrurier.com\/wp-content\/uploads\/2024\/02\/Sam-Serrurier-magasin-3.jpeg&#8221; min_height=&#8221;336.2px&#8221; custom_margin=&#8221;||0px|||&#8221; custom_padding=&#8221;||0px|||&#8221; background_last_edited=&#8221;on|phone&#8221; use_background_color_gradient_phone=&#8221;on&#8221; background_color_gradient_start_phone=&#8221;#ffffff&#8221; background_color_gradient_end_phone=&#8221;rgba(255,255,255,0.56)&#8221; background_color_gradient_overlays_image_phone=&#8221;on&#8221; background_size_phone=&#8221;contain&#8221; null_phone=&#8221;#2b87da&#8221;][\/et_pb_section][et_pb_section fb_built=&#8221;1&#8243; _builder_version=&#8221;4.7.7&#8243; _module_preset=&#8221;default&#8221; min_height=&#8221;855.4px&#8221; custom_padding=&#8221;5px||1px|||&#8221;][et_pb_row column_structure=&#8221;1_2,1_2&#8243; _builder_version=&#8221;4.7.7&#8243; _module_preset=&#8221;default&#8221; min_height=&#8221;339.9px&#8221; custom_margin=&#8221;-16px|auto||auto||&#8221; custom_padding=&#8221;||0px|||&#8221;][et_pb_column type=&#8221;1_2&#8243; _builder_version=&#8221;4.7.7&#8243; _module_preset=&#8221;default&#8221;][et_pb_text _builder_version=&#8221;4.7.7&#8243; _module_preset=&#8221;default&#8221; custom_padding=&#8221;3px|||||&#8221;]<\/p>\n<h1>Contact us<\/h1>\n<p>Lock installation &amp; repair 24\/7<\/p>\n<p>[\/et_pb_text][et_pb_button button_url=&#8221;tel:+33493972283&#8243; button_text=&#8221;EMERGENCY REPAIR&#8221; _builder_version=&#8221;4.7.7&#8243; _module_preset=&#8221;default&#8221; custom_button=&#8221;on&#8221; button_icon=&#8221;%%95%%&#8221; button_icon_placement=&#8221;left&#8221; button_on_hover=&#8221;off&#8221; background_layout=&#8221;dark&#8221; custom_padding=&#8221;|50px||50px|false|true&#8221; hover_enabled=&#8221;0&#8243; sticky_enabled=&#8221;0&#8243;][\/et_pb_button][\/et_pb_column][et_pb_column type=&#8221;1_2&#8243; _builder_version=&#8221;4.7.7&#8243; _module_preset=&#8221;default&#8221;][et_pb_image src=&#8221;https:\/\/www.sam-serrurier.com\/wp-content\/uploads\/2024\/02\/Sam-Serrurier-magasin.jpeg&#8221; alt=&#8221;Sam Locksmith&#8221; title_text=&#8221;Sam Locksmith&#8221; _builder_version=&#8221;4.7.7&#8243; _module_preset=&#8221;default&#8221; width=&#8221;89.7%&#8221; max_width=&#8221;100%&#8221; custom_margin=&#8221;|253px|||false|false&#8221; custom_padding=&#8221;|0px||||&#8221;][\/et_pb_image][\/et_pb_column][\/et_pb_row][et_pb_row make_equal=&#8221;on&#8221; _builder_version=&#8221;4.7.7&#8243; _module_preset=&#8221;default&#8221; custom_css_main_element=&#8221;align-items: center;&#8221;][et_pb_column type=&#8221;4_4&#8243; _builder_version=&#8221;4.7.7&#8243; _module_preset=&#8221;default&#8221;][et_pb_text _builder_version=&#8221;4.7.7&#8243; _module_preset=&#8221;default&#8221; width=&#8221;100%&#8221;]<\/p>\n<p>We travel throughout the <strong>Alpes maritimes<\/strong>, <span style=\"color: #fa7d02;\"><strong>24\/7<\/strong><\/span>. Contact your <a href=\"https:\/\/www.sam-serrurier.com\/en\/\"><strong>locksmith in Nice Centre<\/strong><\/a> for all your lock problems. <\/p>\n<\/p>\n<p>[\/et_pb_text][et_pb_cta button_url=&#8221;tel:0647337225%20&#8243; button_text=&#8221;CALL&#8221; _builder_version=&#8221;4.7.7&#8243; _module_preset=&#8221;default&#8221; header_font_size=&#8221;34px&#8221; background_color=&#8221;#7a7a7a&#8221; custom_button=&#8221;on&#8221; button_text_color=&#8221;#ffffff&#8221; button_bg_color=&#8221;#fa7d02&#8243; button_icon=&#8221;%%86%%&#8221; button_icon_placement=&#8221;left&#8221; button_on_hover=&#8221;off&#8221; button_custom_padding=&#8221;|40px||40px|false|true&#8221; custom_margin=&#8221;-31px||||false|false&#8221; custom_margin_tablet=&#8221;&#8221; custom_margin_phone=&#8221;&#8221; custom_margin_last_edited=&#8221;on|desktop&#8221;]<\/p>\n<p style=\"text-align: center; font-size: 36px;\">  Rapid Response<\/p>\n<p>Sam Serrurier in the Alpes Maritimes and Monaco to unlock your locks![\/et_pb_cta][\/et_pb_column][\/et_pb_row][et_pb_row _builder_version=&#8221;4.7.7&#8243; _module_preset=&#8221;default&#8221; min_height=&#8221;75.7px&#8221;][et_pb_column type=&#8221;4_4&#8243; _builder_version=&#8221;4.7.7&#8243; _module_preset=&#8221;default&#8221;][\/et_pb_column][\/et_pb_row][et_pb_row column_structure=&#8221;1_3,1_3,1_3&#8243; _builder_version=&#8221;4.7.7&#8243; _module_preset=&#8221;default&#8221;][et_pb_column type=&#8221;1_3&#8243; _builder_version=&#8221;4.7.7&#8243; _module_preset=&#8221;default&#8221;][et_pb_number_counter title=&#8221;Minutes at home!&#8221; number=&#8221;30&#8243; percent_sign=&#8221;off&#8221; _builder_version=&#8221;4.7.7&#8243; _module_preset=&#8221;default&#8221;][\/et_pb_number_counter][\/et_pb_column][et_pb_column type=&#8221;1_3&#8243; _builder_version=&#8221;4.7.7&#8243; _module_preset=&#8221;default&#8221;][et_pb_text _builder_version=&#8221;4.7.7&#8243; _module_preset=&#8221;default&#8221; header_3_font=&#8221;|700|||||||&#8221; header_3_text_color=&#8221;#fa7d02&#8243; header_3_font_size=&#8221;40px&#8221;]<\/p>\n<p style=\"text-align: center; font-size: 40px;\"><span style=\"color: #fa7d02;\"><strong>Available  <\/strong><\/span><\/p>\n<p style=\"text-align: center; font-size: 40px;\"><span style=\"color: #fa7d02;\"><strong>24h\/24<\/strong><\/span><\/p>\n<p style=\"text-align: center;\"><strong>7 days a week<\/strong><\/p>\n<p>[\/et_pb_text][et_pb_text _builder_version=&#8221;4.7.7&#8243; _module_preset=&#8221;default&#8221;]<\/p>\n<p style=\"text-align: center;\"><strong>For all your<\/strong><br \/><strong> slammed or locked door<\/strong><\/p>\n<p>[\/et_pb_text][\/et_pb_column][et_pb_column type=&#8221;1_3&#8243; _builder_version=&#8221;4.7.7&#8243; _module_preset=&#8221;default&#8221;][et_pb_number_counter title=&#8221;Transparent pricing&#8221; number=&#8221;100&#8243; _builder_version=&#8221;4.7.7&#8243; _module_preset=&#8221;default&#8221;][\/et_pb_number_counter][\/et_pb_column][\/et_pb_row][\/et_pb_section][et_pb_section fb_built=&#8221;1&#8243; module_id=&#8221;services&#8221; _builder_version=&#8221;4.7.7&#8243; _module_preset=&#8221;default&#8221; background_image=&#8221;https:\/\/www.sam-serrurier.com\/wp-content\/uploads\/2022\/01\/cles-scaled.jpg&#8221; background_position=&#8221;bottom_center&#8221; custom_padding=&#8221;34px||186px|||&#8221; locked=&#8221;off&#8221;][et_pb_row column_structure=&#8221;4_4,1_2&#8243; _builder_version=&#8221;4.7.7&#8243; _module_preset=&#8221;default&#8221;][et_pb_column type=&#8221;4_4&#8243; _builder_version=&#8221;4.7.7&#8243; _module_preset=&#8221;default&#8221;][et_pb_text _builder_version=&#8221;4.7.7&#8243; _module_preset=&#8221;default&#8221; header_2_font_size=&#8221;40px&#8221; hover_enabled=&#8221;0&#8243; sticky_enabled=&#8221;0&#8243;]<\/p>\n<p style=\"text-align: center;\"><span style=\"font-size: x-large;\"><strong>Contact &amp; FREE QUOTE <\/strong><\/span><\/p>\n<p style=\"text-align: center;\"><span style=\"font-size: xx-large;\"><a href=\"tel:+33679869386\"><strong>06.79.86.93.86<\/strong><\/a><\/span><\/p>\n<p>[\/et_pb_text][\/et_pb_column][et_pb_column type=&#8221;1_2&#8243; _builder_version=&#8221;4.7.7&#8243; _module_preset=&#8221;default&#8221;][et_pb_text _builder_version=&#8221;4.7.7&#8243; _module_preset=&#8221;default&#8221; text_orientation=&#8221;center&#8221; width=&#8221;99.7%&#8221; custom_margin=&#8221;0px|-944px|||false|false&#8221; custom_padding=&#8221;0px||||false|false&#8221;]<\/p>\n<p>&nbsp;<\/p>\n<p style=\"text-align: center;\"><span style=\"font-size: x-large; color: #fa7d02;\"><strong>Service areas: wherever you need them<\/strong><\/span><\/p>\n<p style=\"text-align: center;\">Based in Nice Centre, we provide rapid service throughout the Alpes Maritimes department and Monaco:<br \/> Menton, Roquebrune-cap-martin, Monaco, Beausoleil, Cap d&#8217;Ail, Contes, Drap, La Trinit\u00e9, Eze, Saint-Jean-Cap-Ferrat, Villefranche sur mer, Nice, Carros, Colomars, Saint-Jeannet, La Gaude, Saint Laurent du Var, Saint-Jeannet, Vence, Saint Paul de Vence, La Colle sur Loup, Cagnes sur mer, Villeneuve Loubet, Roquefort les Pins, Biot, Valbonne, Opio, Le Bar sur Loup, Mougins, Antibes, Juan les Pins, Vallauris, Le Cannet, Cannes, Pegomas, Peymeinade, Mandelieu-la-Napoule, Grasse, etc&#8230;<\/p>\n<p>[\/et_pb_text][\/et_pb_column][\/et_pb_row][\/et_pb_section][et_pb_section fb_built=&#8221;1&#8243; module_id=&#8221;quote&#8221; _builder_version=&#8221;4.7.7&#8243; _module_preset=&#8221;default&#8221; background_color=&#8221;#7a7a7a&#8221; custom_padding=&#8221;||0px|||&#8221;][et_pb_row _builder_version=&#8221;4.7.7&#8243; _module_preset=&#8221;default&#8221; background_color=&#8221;#ffffff&#8221; custom_padding=&#8221;|30px||30px|false|true&#8221;][et_pb_column type=&#8221;4_4&#8243; _builder_version=&#8221;4.7.7&#8243; _module_preset=&#8221;default&#8221;][dvppl_cf7_styler use_form_header=&#8221;on&#8221; form_header_title=&#8221;Demande informations&#8221; form_header_text=&#8221;N&#8217;h\u00e9sitez pas \u00e0 nous demander un devis gratuit \u00e0 distance ou sur rendez-vous&#8221; use_icon=&#8221;on&#8221; form_header_bottom=&#8221;50px&#8221; cf7=&#8221;43&#8243; _builder_version=&#8221;4.7.7&#8243; _module_preset=&#8221;default&#8221; custom_submit_button=&#8221;on&#8221; submit_button_text_size=&#8221;25px&#8221; submit_button_bg_color=&#8221;#fa7d02&#8243; submit_button_border_color=&#8221;rgba(0,0,0,0)&#8221; submit_button_border_radius=&#8221;30px&#8221;][\/dvppl_cf7_styler][\/et_pb_column][\/et_pb_row][\/et_pb_section]<\/p>\n","protected":false},"excerpt":{"rendered":"<p>[et_pb_section fb_built=&#8221;1&#8243; _builder_version=&#8221;4.7.7&#8243; _module_preset=&#8221;default&#8221; background_image=&#8221;https:\/\/www.sam-serrurier.com\/wp-content\/uploads\/2024\/02\/Sam-Serrurier-magasin-3.jpeg&#8221; min_height=&#8221;336.2px&#8221; custom_margin=&#8221;||0px|||&#8221; custom_padding=&#8221;||0px|||&#8221; background_last_edited=&#8221;on|phone&#8221; use_background_color_gradient_phone=&#8221;on&#8221; background_color_gradient_start_phone=&#8221;#ffffff&#8221; background_color_gradient_end_phone=&#8221;rgba(255,255,255,0.56)&#8221; background_color_gradient_overlays_image_phone=&#8221;on&#8221; background_size_phone=&#8221;contain&#8221; null_phone=&#8221;#2b87da&#8221;][\/et_pb_section][et_pb_section fb_built=&#8221;1&#8243; _builder_version=&#8221;4.7.7&#8243; _module_preset=&#8221;default&#8221; min_height=&#8221;855.4px&#8221; custom_padding=&#8221;5px||1px|||&#8221;][et_pb_row column_structure=&#8221;1_2,1_2&#8243; _builder_version=&#8221;4.7.7&#8243; _module_preset=&#8221;default&#8221; min_height=&#8221;339.9px&#8221; custom_margin=&#8221;-16px|auto||auto||&#8221; custom_padding=&#8221;||0px|||&#8221;][et_pb_column type=&#8221;1_2&#8243; _builder_version=&#8221;4.7.7&#8243; _module_preset=&#8221;default&#8221;][et_pb_text _builder_version=&#8221;4.7.7&#8243; _module_preset=&#8221;default&#8221; custom_padding=&#8221;3px|||||&#8221;] Contact us Lock installation &amp; repair 24\/7 [\/et_pb_text][et_pb_button button_url=&#8221;tel:+33493972283&#8243; button_text=&#8221;EMERGENCY REPAIR&#8221; _builder_version=&#8221;4.7.7&#8243; _module_preset=&#8221;default&#8221; custom_button=&#8221;on&#8221; button_icon=&#8221;%%95%%&#8221; button_icon_placement=&#8221;left&#8221; button_on_hover=&#8221;off&#8221; background_layout=&#8221;dark&#8221; custom_padding=&#8221;|50px||50px|false|true&#8221; hover_enabled=&#8221;0&#8243; sticky_enabled=&#8221;0&#8243;][\/et_pb_button][\/et_pb_column][et_pb_column type=&#8221;1_2&#8243; _builder_version=&#8221;4.7.7&#8243; [&hellip;]<\/p>\n","protected":false},"author":2,"featured_media":0,"parent":0,"menu_order":0,"comment_status":"closed","ping_status":"closed","template":"","meta":{"_et_pb_use_builder":"on","_et_pb_old_content":"","_et_gb_content_width":"","footnotes":""},"class_list":["post-1313","page","type-page","status-publish","hentry"],"yoast_head":"<!-- This site is optimized with the Yoast SEO plugin v20.2.1 - https:\/\/yoast.com\/wordpress\/plugins\/seo\/ -->\n<title>Contact your locksmith Nice Centre - Sam locksmith<\/title>\n<meta name=\"description\" content=\"We travel throughout the Alpes maritimes, 7 days a week, 24 hours a day. Contact your locksmith in Nice for all your lock problems.\" \/>\n<meta name=\"robots\" content=\"index, follow, max-snippet:-1, max-image-preview:large, max-video-preview:-1\" \/>\n<link rel=\"canonical\" href=\"https:\/\/www.sam-serrurier.com\/en\/contact\/\" \/>\n<meta property=\"og:locale\" content=\"en_US\" \/>\n<meta property=\"og:type\" content=\"article\" \/>\n<meta property=\"og:title\" content=\"Contact your locksmith Nice Centre - Sam locksmith\" \/>\n<meta property=\"og:description\" content=\"We travel throughout the Alpes maritimes, 7 days a week, 24 hours a day. Contact your locksmith in Nice for all your lock problems.\" \/>\n<meta property=\"og:url\" content=\"https:\/\/www.sam-serrurier.com\/en\/contact\/\" \/>\n<meta property=\"og:site_name\" content=\"Sam serrurier : Serrurier \u00e0 Nice Centre\" \/>\n<meta property=\"article:modified_time\" content=\"2026-01-22T13:57:53+00:00\" \/>\n<meta name=\"twitter:card\" content=\"summary_large_image\" \/>\n<meta name=\"twitter:label1\" content=\"Est. reading time\" \/>\n\t<meta name=\"twitter:data1\" content=\"4 minutes\" \/>\n<script type=\"application\/ld+json\" class=\"yoast-schema-graph\">{\"@context\":\"https:\/\/schema.org\",\"@graph\":[{\"@type\":\"WebPage\",\"@id\":\"https:\/\/www.sam-serrurier.com\/en\/contact\/\",\"url\":\"https:\/\/www.sam-serrurier.com\/en\/contact\/\",\"name\":\"Contact your locksmith Nice Centre - Sam locksmith\",\"isPartOf\":{\"@id\":\"https:\/\/www.sam-serrurier.com\/en\/#website\"},\"datePublished\":\"2022-07-04T14:09:57+00:00\",\"dateModified\":\"2026-01-22T13:57:53+00:00\",\"description\":\"We travel throughout the Alpes maritimes, 7 days a week, 24 hours a day. Contact your locksmith in Nice for all your lock problems.\",\"breadcrumb\":{\"@id\":\"https:\/\/www.sam-serrurier.com\/en\/contact\/#breadcrumb\"},\"inLanguage\":\"en-US\",\"potentialAction\":[{\"@type\":\"ReadAction\",\"target\":[\"https:\/\/www.sam-serrurier.com\/en\/contact\/\"]}]},{\"@type\":\"BreadcrumbList\",\"@id\":\"https:\/\/www.sam-serrurier.com\/en\/contact\/#breadcrumb\",\"itemListElement\":[{\"@type\":\"ListItem\",\"position\":1,\"name\":\"Accueil\",\"item\":\"https:\/\/www.sam-serrurier.com\/en\/hp\/\"},{\"@type\":\"ListItem\",\"position\":2,\"name\":\"Contact\"}]},{\"@type\":\"WebSite\",\"@id\":\"https:\/\/www.sam-serrurier.com\/en\/#website\",\"url\":\"https:\/\/www.sam-serrurier.com\/en\/\",\"name\":\"Sam serrurier : Serrurier \u00e0 Nice Centre\",\"description\":\"Serrurier sur Nice\",\"publisher\":{\"@id\":\"https:\/\/www.sam-serrurier.com\/en\/#organization\"},\"potentialAction\":[{\"@type\":\"SearchAction\",\"target\":{\"@type\":\"EntryPoint\",\"urlTemplate\":\"https:\/\/www.sam-serrurier.com\/en\/?s={search_term_string}\"},\"query-input\":\"required name=search_term_string\"}],\"inLanguage\":\"en-US\"},{\"@type\":\"Organization\",\"@id\":\"https:\/\/www.sam-serrurier.com\/en\/#organization\",\"name\":\"Sam serrurier : Serrurier \u00e0 Nice Centre\",\"url\":\"https:\/\/www.sam-serrurier.com\/en\/\",\"logo\":{\"@type\":\"ImageObject\",\"inLanguage\":\"en-US\",\"@id\":\"https:\/\/www.sam-serrurier.com\/en\/#\/schema\/logo\/image\/\",\"url\":\"https:\/\/www.sam-serrurier.com\/wp-content\/uploads\/2022\/04\/logo-sam-serrurier.png\",\"contentUrl\":\"https:\/\/www.sam-serrurier.com\/wp-content\/uploads\/2022\/04\/logo-sam-serrurier.png\",\"width\":1080,\"height\":845,\"caption\":\"Sam serrurier : Serrurier \u00e0 Nice Centre\"},\"image\":{\"@id\":\"https:\/\/www.sam-serrurier.com\/en\/#\/schema\/logo\/image\/\"}}]}<\/script>\n<!-- \/ Yoast SEO plugin. -->","yoast_head_json":{"title":"Contact your locksmith Nice Centre - Sam locksmith","description":"We travel throughout the Alpes maritimes, 7 days a week, 24 hours a day. Contact your locksmith in Nice for all your lock problems.","robots":{"index":"index","follow":"follow","max-snippet":"max-snippet:-1","max-image-preview":"max-image-preview:large","max-video-preview":"max-video-preview:-1"},"canonical":"https:\/\/www.sam-serrurier.com\/en\/contact\/","og_locale":"en_US","og_type":"article","og_title":"Contact your locksmith Nice Centre - Sam locksmith","og_description":"We travel throughout the Alpes maritimes, 7 days a week, 24 hours a day. Contact your locksmith in Nice for all your lock problems.","og_url":"https:\/\/www.sam-serrurier.com\/en\/contact\/","og_site_name":"Sam serrurier : Serrurier \u00e0 Nice Centre","article_modified_time":"2026-01-22T13:57:53+00:00","twitter_card":"summary_large_image","twitter_misc":{"Est. reading time":"4 minutes"},"schema":{"@context":"https:\/\/schema.org","@graph":[{"@type":"WebPage","@id":"https:\/\/www.sam-serrurier.com\/en\/contact\/","url":"https:\/\/www.sam-serrurier.com\/en\/contact\/","name":"Contact your locksmith Nice Centre - Sam locksmith","isPartOf":{"@id":"https:\/\/www.sam-serrurier.com\/en\/#website"},"datePublished":"2022-07-04T14:09:57+00:00","dateModified":"2026-01-22T13:57:53+00:00","description":"We travel throughout the Alpes maritimes, 7 days a week, 24 hours a day. Contact your locksmith in Nice for all your lock problems.","breadcrumb":{"@id":"https:\/\/www.sam-serrurier.com\/en\/contact\/#breadcrumb"},"inLanguage":"en-US","potentialAction":[{"@type":"ReadAction","target":["https:\/\/www.sam-serrurier.com\/en\/contact\/"]}]},{"@type":"BreadcrumbList","@id":"https:\/\/www.sam-serrurier.com\/en\/contact\/#breadcrumb","itemListElement":[{"@type":"ListItem","position":1,"name":"Accueil","item":"https:\/\/www.sam-serrurier.com\/en\/hp\/"},{"@type":"ListItem","position":2,"name":"Contact"}]},{"@type":"WebSite","@id":"https:\/\/www.sam-serrurier.com\/en\/#website","url":"https:\/\/www.sam-serrurier.com\/en\/","name":"Sam serrurier : Serrurier \u00e0 Nice Centre","description":"Serrurier sur Nice","publisher":{"@id":"https:\/\/www.sam-serrurier.com\/en\/#organization"},"potentialAction":[{"@type":"SearchAction","target":{"@type":"EntryPoint","urlTemplate":"https:\/\/www.sam-serrurier.com\/en\/?s={search_term_string}"},"query-input":"required name=search_term_string"}],"inLanguage":"en-US"},{"@type":"Organization","@id":"https:\/\/www.sam-serrurier.com\/en\/#organization","name":"Sam serrurier : Serrurier \u00e0 Nice Centre","url":"https:\/\/www.sam-serrurier.com\/en\/","logo":{"@type":"ImageObject","inLanguage":"en-US","@id":"https:\/\/www.sam-serrurier.com\/en\/#\/schema\/logo\/image\/","url":"https:\/\/www.sam-serrurier.com\/wp-content\/uploads\/2022\/04\/logo-sam-serrurier.png","contentUrl":"https:\/\/www.sam-serrurier.com\/wp-content\/uploads\/2022\/04\/logo-sam-serrurier.png","width":1080,"height":845,"caption":"Sam serrurier : Serrurier \u00e0 Nice Centre"},"image":{"@id":"https:\/\/www.sam-serrurier.com\/en\/#\/schema\/logo\/image\/"}}]}},"_links":{"self":[{"href":"https:\/\/www.sam-serrurier.com\/en\/wp-json\/wp\/v2\/pages\/1313","targetHints":{"allow":["GET"]}}],"collection":[{"href":"https:\/\/www.sam-serrurier.com\/en\/wp-json\/wp\/v2\/pages"}],"about":[{"href":"https:\/\/www.sam-serrurier.com\/en\/wp-json\/wp\/v2\/types\/page"}],"author":[{"embeddable":true,"href":"https:\/\/www.sam-serrurier.com\/en\/wp-json\/wp\/v2\/users\/2"}],"replies":[{"embeddable":true,"href":"https:\/\/www.sam-serrurier.com\/en\/wp-json\/wp\/v2\/comments?post=1313"}],"version-history":[{"count":4,"href":"https:\/\/www.sam-serrurier.com\/en\/wp-json\/wp\/v2\/pages\/1313\/revisions"}],"predecessor-version":[{"id":1913,"href":"https:\/\/www.sam-serrurier.com\/en\/wp-json\/wp\/v2\/pages\/1313\/revisions\/1913"}],"wp:attachment":[{"href":"https:\/\/www.sam-serrurier.com\/en\/wp-json\/wp\/v2\/media?parent=1313"}],"curies":[{"name":"wp","href":"https:\/\/api.w.org\/{rel}","templated":true}]}}